{"id":342,"date":"2025-07-11T11:54:11","date_gmt":"2025-07-11T08:54:11","guid":{"rendered":"https:\/\/sortare.md\/product\/sortarea-semintelor-si-cerealelor-2-7-mdl\/"},"modified":"2025-08-29T15:22:59","modified_gmt":"2025-08-29T12:22:59","slug":"sortarea-semintelor-si-cerealelor-2-7-mdl","status":"publish","type":"product","link":"https:\/\/sortare.md\/ro\/produs\/sortarea-semintelor-si-cerealelor-2-7-mdl\/","title":{"rendered":"Sortarea semin\u021belor \u0219i cerealelor 2-7 MDL"},"content":{"rendered":"","protected":false},"excerpt":{"rendered":"<p>Oferim servicii profesionale de sortare a semin\u021belor \u0219i cerealelor &#8211; cu precizie \u00eenalt\u0103 \u0219i abordare individual\u0103. Elimin\u0103m praful, impurit\u0103\u021bile \u0219i boabele deteriorate pentru ca dumneavoastr\u0103 s\u0103 primi\u021bi doar un produs de calitate \u0219i curat, gata pentru sem\u0103nat sau procesare ulterioar\u0103. <strong>Costul serviciului este de la 2 p\u00e2n\u0103 la 7 lei per kg<\/strong>, \u00een func\u021bie de cultur\u0103 \u0219i gradul de cur\u0103\u021bare. Precizia \u00eentr-adev\u0103r \u00eencepe aici!  <\/p>\n","protected":false},"featured_media":190,"template":"","meta":{"site-sidebar-layout":"default","site-content-layout":"","ast-site-content-layout":"default","site-content-style":"default","site-sidebar-style":"default","ast-global-header-display":"","ast-banner-title-visibility":"","ast-main-header-display":"","ast-hfb-above-header-display":"","ast-hfb-below-header-display":"","ast-hfb-mobile-header-display":"","site-post-title":"","ast-breadcrumbs-content":"","ast-featured-img":"","footer-sml-layout":"","theme-transparent-header-meta":"default","adv-header-id-meta":"","stick-header-meta":"","header-above-stick-meta":"","header-main-stick-meta":"","header-below-stick-meta":"","astra-migrate-meta-layouts":"default","ast-page-background-enabled":"default","ast-page-background-meta":{"desktop":{"background-color":"var(--ast-global-color-5)","background-image":"","background-repeat":"repeat","background-position":"center center","background-size":"auto","background-attachment":"scroll","background-type":"","background-media":"","overlay-type":"","overlay-color":"","overlay-opacity":"","overlay-gradient":""},"tablet":{"background-color":"","background-image":"","background-repeat":"repeat","background-position":"center center","background-size":"auto","background-attachment":"scroll","background-type":"","background-media":"","overlay-type":"","overlay-color":"","overlay-opacity":"","overlay-gradient":""},"mobile":{"background-color":"","background-image":"","background-repeat":"repeat","background-position":"center center","background-size":"auto","background-attachment":"scroll","background-type":"","background-media":"","overlay-type":"","overlay-color":"","overlay-opacity":"","overlay-gradient":""}},"ast-content-background-meta":{"desktop":{"background-color":"var(--ast-global-color-4)","background-image":"","background-repeat":"repeat","background-position":"center center","background-size":"auto","background-attachment":"scroll","background-type":"","background-media":"","overlay-type":"","overlay-color":"","overlay-opacity":"","overlay-gradient":""},"tablet":{"background-color":"var(--ast-global-color-4)","background-image":"","background-repeat":"repeat","background-position":"center center","background-size":"auto","background-attachment":"scroll","background-type":"","background-media":"","overlay-type":"","overlay-color":"","overlay-opacity":"","overlay-gradient":""},"mobile":{"background-color":"var(--ast-global-color-4)","background-image":"","background-repeat":"repeat","background-position":"center center","background-size":"auto","background-attachment":"scroll","background-type":"","background-media":"","overlay-type":"","overlay-color":"","overlay-opacity":"","overlay-gradient":""}}},"product_brand":[],"product_cat":[39],"product_tag":[],"class_list":{"0":"post-342","1":"product","2":"type-product","3":"status-publish","4":"has-post-thumbnail","6":"product_cat-sortare","7":"desktop-align-left","8":"tablet-align-left","9":"mobile-align-left","11":"first","12":"instock","13":"shipping-taxable","14":"purchasable","15":"product-type-simple"},"yoast_head":"<!-- This site is optimized with the Yoast SEO plugin v25.5 - https:\/\/yoast.com\/wordpress\/plugins\/seo\/ -->\n<title>Sortarea semin\u021belor \u0219i cerealelor 2-7 MDL - Sortare MD<\/title>\n<meta name=\"robots\" content=\"index, follow, max-snippet:-1, max-image-preview:large, max-video-preview:-1\" \/>\n<link rel=\"canonical\" href=\"https:\/\/sortare.md\/ro\/produs\/sortarea-semintelor-si-cerealelor-2-7-mdl\/\" \/>\n<meta property=\"og:locale\" content=\"ro_RO\" \/>\n<meta property=\"og:type\" content=\"article\" \/>\n<meta property=\"og:title\" content=\"Sortarea semin\u021belor \u0219i cerealelor 2-7 MDL - Sortare MD\" \/>\n<meta property=\"og:description\" content=\"Oferim servicii profesionale de sortare a semin\u021belor \u0219i cerealelor - cu precizie \u00eenalt\u0103 \u0219i abordare individual\u0103. Elimin\u0103m praful, impurit\u0103\u021bile \u0219i boabele deteriorate pentru ca dumneavoastr\u0103 s\u0103 primi\u021bi doar un produs de calitate \u0219i curat, gata pentru sem\u0103nat sau procesare ulterioar\u0103. Costul serviciului este de la 2 p\u00e2n\u0103 la 7 lei per kg, \u00een func\u021bie de cultur\u0103 \u0219i gradul de cur\u0103\u021bare. Precizia \u00eentr-adev\u0103r \u00eencepe aici!\" \/>\n<meta property=\"og:url\" content=\"https:\/\/sortare.md\/ro\/produs\/sortarea-semintelor-si-cerealelor-2-7-mdl\/\" \/>\n<meta property=\"og:site_name\" content=\"Sortare MD\" \/>\n<meta property=\"article:modified_time\" content=\"2025-08-29T12:22:59+00:00\" \/>\n<meta property=\"og:image\" content=\"https:\/\/sortare.md\/wp-content\/uploads\/2025\/07\/45679-1.jpg\" \/>\n\t<meta property=\"og:image:width\" content=\"1500\" \/>\n\t<meta property=\"og:image:height\" content=\"1500\" \/>\n\t<meta property=\"og:image:type\" content=\"image\/jpeg\" \/>\n<meta name=\"twitter:card\" content=\"summary_large_image\" \/>\n<script type=\"application\/ld+json\" class=\"yoast-schema-graph\">{\"@context\":\"https:\/\/schema.org\",\"@graph\":[{\"@type\":\"WebPage\",\"@id\":\"https:\/\/sortare.md\/ro\/produs\/sortarea-semintelor-si-cerealelor-2-7-mdl\/\",\"url\":\"https:\/\/sortare.md\/ro\/produs\/sortarea-semintelor-si-cerealelor-2-7-mdl\/\",\"name\":\"Sortarea semin\u021belor \u0219i cerealelor 2-7 MDL - Sortare MD\",\"isPartOf\":{\"@id\":\"https:\/\/sortare.md\/ro\/#website\"},\"primaryImageOfPage\":{\"@id\":\"https:\/\/sortare.md\/ro\/produs\/sortarea-semintelor-si-cerealelor-2-7-mdl\/#primaryimage\"},\"image\":{\"@id\":\"https:\/\/sortare.md\/ro\/produs\/sortarea-semintelor-si-cerealelor-2-7-mdl\/#primaryimage\"},\"thumbnailUrl\":\"https:\/\/sortare.md\/wp-content\/uploads\/2025\/07\/45679-1.jpg\",\"datePublished\":\"2025-07-11T08:54:11+00:00\",\"dateModified\":\"2025-08-29T12:22:59+00:00\",\"breadcrumb\":{\"@id\":\"https:\/\/sortare.md\/ro\/produs\/sortarea-semintelor-si-cerealelor-2-7-mdl\/#breadcrumb\"},\"inLanguage\":\"ro-RO\",\"potentialAction\":[{\"@type\":\"ReadAction\",\"target\":[\"https:\/\/sortare.md\/ro\/produs\/sortarea-semintelor-si-cerealelor-2-7-mdl\/\"]}]},{\"@type\":\"ImageObject\",\"inLanguage\":\"ro-RO\",\"@id\":\"https:\/\/sortare.md\/ro\/produs\/sortarea-semintelor-si-cerealelor-2-7-mdl\/#primaryimage\",\"url\":\"https:\/\/sortare.md\/wp-content\/uploads\/2025\/07\/45679-1.jpg\",\"contentUrl\":\"https:\/\/sortare.md\/wp-content\/uploads\/2025\/07\/45679-1.jpg\",\"width\":1500,\"height\":1500},{\"@type\":\"BreadcrumbList\",\"@id\":\"https:\/\/sortare.md\/ro\/produs\/sortarea-semintelor-si-cerealelor-2-7-mdl\/#breadcrumb\",\"itemListElement\":[{\"@type\":\"ListItem\",\"position\":1,\"name\":\"Home\",\"item\":\"https:\/\/sortare.md\/ro\/?page_id=309\"},{\"@type\":\"ListItem\",\"position\":2,\"name\":\"Magazin\",\"item\":\"https:\/\/sortare.md\/ro\/magazin\/\"},{\"@type\":\"ListItem\",\"position\":3,\"name\":\"Sortarea semin\u021belor \u0219i cerealelor 2-7 MDL\"}]},{\"@type\":\"WebSite\",\"@id\":\"https:\/\/sortare.md\/ro\/#website\",\"url\":\"https:\/\/sortare.md\/ro\/\",\"name\":\"Sortare MD\",\"description\":\"\",\"publisher\":{\"@id\":\"https:\/\/sortare.md\/ro\/#organization\"},\"potentialAction\":[{\"@type\":\"SearchAction\",\"target\":{\"@type\":\"EntryPoint\",\"urlTemplate\":\"https:\/\/sortare.md\/ro\/?s={search_term_string}\"},\"query-input\":{\"@type\":\"PropertyValueSpecification\",\"valueRequired\":true,\"valueName\":\"search_term_string\"}}],\"inLanguage\":\"ro-RO\"},{\"@type\":\"Organization\",\"@id\":\"https:\/\/sortare.md\/ro\/#organization\",\"name\":\"Sortare MD\",\"url\":\"https:\/\/sortare.md\/ro\/\",\"logo\":{\"@type\":\"ImageObject\",\"inLanguage\":\"ro-RO\",\"@id\":\"https:\/\/sortare.md\/ro\/#\/schema\/logo\/image\/\",\"url\":\"https:\/\/sortare.md\/wp-content\/uploads\/2025\/07\/ELD-LOGO-COLOR.svg\",\"contentUrl\":\"https:\/\/sortare.md\/wp-content\/uploads\/2025\/07\/ELD-LOGO-COLOR.svg\",\"width\":815,\"height\":313,\"caption\":\"Sortare MD\"},\"image\":{\"@id\":\"https:\/\/sortare.md\/ro\/#\/schema\/logo\/image\/\"}}]}<\/script>\n<!-- \/ Yoast SEO plugin. -->","yoast_head_json":{"title":"Sortarea semin\u021belor \u0219i cerealelor 2-7 MDL - Sortare MD","robots":{"index":"index","follow":"follow","max-snippet":"max-snippet:-1","max-image-preview":"max-image-preview:large","max-video-preview":"max-video-preview:-1"},"canonical":"https:\/\/sortare.md\/ro\/produs\/sortarea-semintelor-si-cerealelor-2-7-mdl\/","og_locale":"ro_RO","og_type":"article","og_title":"Sortarea semin\u021belor \u0219i cerealelor 2-7 MDL - Sortare MD","og_description":"Oferim servicii profesionale de sortare a semin\u021belor \u0219i cerealelor - cu precizie \u00eenalt\u0103 \u0219i abordare individual\u0103. Elimin\u0103m praful, impurit\u0103\u021bile \u0219i boabele deteriorate pentru ca dumneavoastr\u0103 s\u0103 primi\u021bi doar un produs de calitate \u0219i curat, gata pentru sem\u0103nat sau procesare ulterioar\u0103. Costul serviciului este de la 2 p\u00e2n\u0103 la 7 lei per kg, \u00een func\u021bie de cultur\u0103 \u0219i gradul de cur\u0103\u021bare. Precizia \u00eentr-adev\u0103r \u00eencepe aici!","og_url":"https:\/\/sortare.md\/ro\/produs\/sortarea-semintelor-si-cerealelor-2-7-mdl\/","og_site_name":"Sortare MD","article_modified_time":"2025-08-29T12:22:59+00:00","og_image":[{"width":1500,"height":1500,"url":"https:\/\/sortare.md\/wp-content\/uploads\/2025\/07\/45679-1.jpg","type":"image\/jpeg"}],"twitter_card":"summary_large_image","schema":{"@context":"https:\/\/schema.org","@graph":[{"@type":"WebPage","@id":"https:\/\/sortare.md\/ro\/produs\/sortarea-semintelor-si-cerealelor-2-7-mdl\/","url":"https:\/\/sortare.md\/ro\/produs\/sortarea-semintelor-si-cerealelor-2-7-mdl\/","name":"Sortarea semin\u021belor \u0219i cerealelor 2-7 MDL - Sortare MD","isPartOf":{"@id":"https:\/\/sortare.md\/ro\/#website"},"primaryImageOfPage":{"@id":"https:\/\/sortare.md\/ro\/produs\/sortarea-semintelor-si-cerealelor-2-7-mdl\/#primaryimage"},"image":{"@id":"https:\/\/sortare.md\/ro\/produs\/sortarea-semintelor-si-cerealelor-2-7-mdl\/#primaryimage"},"thumbnailUrl":"https:\/\/sortare.md\/wp-content\/uploads\/2025\/07\/45679-1.jpg","datePublished":"2025-07-11T08:54:11+00:00","dateModified":"2025-08-29T12:22:59+00:00","breadcrumb":{"@id":"https:\/\/sortare.md\/ro\/produs\/sortarea-semintelor-si-cerealelor-2-7-mdl\/#breadcrumb"},"inLanguage":"ro-RO","potentialAction":[{"@type":"ReadAction","target":["https:\/\/sortare.md\/ro\/produs\/sortarea-semintelor-si-cerealelor-2-7-mdl\/"]}]},{"@type":"ImageObject","inLanguage":"ro-RO","@id":"https:\/\/sortare.md\/ro\/produs\/sortarea-semintelor-si-cerealelor-2-7-mdl\/#primaryimage","url":"https:\/\/sortare.md\/wp-content\/uploads\/2025\/07\/45679-1.jpg","contentUrl":"https:\/\/sortare.md\/wp-content\/uploads\/2025\/07\/45679-1.jpg","width":1500,"height":1500},{"@type":"BreadcrumbList","@id":"https:\/\/sortare.md\/ro\/produs\/sortarea-semintelor-si-cerealelor-2-7-mdl\/#breadcrumb","itemListElement":[{"@type":"ListItem","position":1,"name":"Home","item":"https:\/\/sortare.md\/ro\/?page_id=309"},{"@type":"ListItem","position":2,"name":"Magazin","item":"https:\/\/sortare.md\/ro\/magazin\/"},{"@type":"ListItem","position":3,"name":"Sortarea semin\u021belor \u0219i cerealelor 2-7 MDL"}]},{"@type":"WebSite","@id":"https:\/\/sortare.md\/ro\/#website","url":"https:\/\/sortare.md\/ro\/","name":"Sortare MD","description":"","publisher":{"@id":"https:\/\/sortare.md\/ro\/#organization"},"potentialAction":[{"@type":"SearchAction","target":{"@type":"EntryPoint","urlTemplate":"https:\/\/sortare.md\/ro\/?s={search_term_string}"},"query-input":{"@type":"PropertyValueSpecification","valueRequired":true,"valueName":"search_term_string"}}],"inLanguage":"ro-RO"},{"@type":"Organization","@id":"https:\/\/sortare.md\/ro\/#organization","name":"Sortare MD","url":"https:\/\/sortare.md\/ro\/","logo":{"@type":"ImageObject","inLanguage":"ro-RO","@id":"https:\/\/sortare.md\/ro\/#\/schema\/logo\/image\/","url":"https:\/\/sortare.md\/wp-content\/uploads\/2025\/07\/ELD-LOGO-COLOR.svg","contentUrl":"https:\/\/sortare.md\/wp-content\/uploads\/2025\/07\/ELD-LOGO-COLOR.svg","width":815,"height":313,"caption":"Sortare MD"},"image":{"@id":"https:\/\/sortare.md\/ro\/#\/schema\/logo\/image\/"}}]}},"_links":{"self":[{"href":"https:\/\/sortare.md\/ro\/wp-json\/wp\/v2\/product\/342","targetHints":{"allow":["GET"]}}],"collection":[{"href":"https:\/\/sortare.md\/ro\/wp-json\/wp\/v2\/product"}],"about":[{"href":"https:\/\/sortare.md\/ro\/wp-json\/wp\/v2\/types\/product"}],"wp:featuredmedia":[{"embeddable":true,"href":"https:\/\/sortare.md\/ro\/wp-json\/wp\/v2\/media\/190"}],"wp:attachment":[{"href":"https:\/\/sortare.md\/ro\/wp-json\/wp\/v2\/media?parent=342"}],"wp:term":[{"taxonomy":"product_brand","embeddable":true,"href":"https:\/\/sortare.md\/ro\/wp-json\/wp\/v2\/product_brand?post=342"},{"taxonomy":"product_cat","embeddable":true,"href":"https:\/\/sortare.md\/ro\/wp-json\/wp\/v2\/product_cat?post=342"},{"taxonomy":"product_tag","embeddable":true,"href":"https:\/\/sortare.md\/ro\/wp-json\/wp\/v2\/product_tag?post=342"}],"curies":[{"name":"wp","href":"https:\/\/api.w.org\/{rel}","templated":true}]}}